{"id":450,"date":"2017-06-08T11:26:17","date_gmt":"2017-06-08T09:26:17","guid":{"rendered":"http:\/\/sokolbreznice.cz\/?page_id=450"},"modified":"2024-07-09T10:55:09","modified_gmt":"2024-07-09T08:55:09","slug":"pronajem","status":"publish","type":"page","link":"https:\/\/sokolbreznice.cz\/?page_id=450","title":{"rendered":"Pron\u00e1jem are\u00e1lu"},"content":{"rendered":"<h3 style=\"text-align: center;\">Mo\u017enost pron\u00e1jmu budovy TJ Sokol B\u0159eznice u Zl\u00edna<\/h3>\n<p style=\"text-align: center;\"><strong>\u017de se v\u00e1m u n\u00e1s l\u00edbilo?\u00a0<\/strong><\/p>\n<p>Budovu <strong>sokolovny<\/strong> je mo\u017en\u00e9 tak\u00e9 <strong>pronajmout<\/strong> a to jak pro po\u0159\u00e1d\u00e1n\u00ed <strong>kulturn\u00edch<\/strong>, tak i <strong>sportovn\u00edch<\/strong> a <strong>soukrom\u00fdch<\/strong> akc\u00ed.<\/p>\n<p>Takt\u00e9\u017e je mo\u017eno pronajmout prostory tzv. &#8222;<strong>pekla&#8220;<\/strong>, m\u00edstnosti pro cca 15 lid\u00ed, kde je kompletn\u00ed <strong>v\u00fd\u010depn\u00ed za\u0159\u00edzen\u00ed<\/strong>, lednice atd.<\/p>\n<p>Konkr\u00e9tn\u00ed<strong> informace<\/strong> v\u00e1m <strong>r\u00e1di<\/strong> poskytneme p\u0159es <strong>e-mail<\/strong>. Zp\u016fsoby jak n\u00e1s kontaktovat naleznete v sekci <strong><a href=\"https:\/\/sokolbreznice.cz\/?page_id=434\">Kontakty.<\/a>\u00a0<\/strong><\/p>\n","protected":false},"excerpt":{"rendered":"<p>Mo\u017enost pron\u00e1jmu budovy TJ Sokol B\u0159eznice u Zl\u00edna \u017de se v\u00e1m u n\u00e1s l\u00edbilo?\u00a0 Budovu sokolovny je mo\u017en\u00e9 tak\u00e9 pronajmout a to jak pro po\u0159\u00e1d\u00e1n\u00ed kulturn\u00edch, tak i sportovn\u00edch a soukrom\u00fdch akc\u00ed. Takt\u00e9\u017e je mo\u017eno pronajmout prostory tzv. &#8222;pekla&#8220;, m\u00edstnosti<\/p>\n","protected":false},"author":1,"featured_media":0,"parent":0,"menu_order":0,"comment_status":"closed","ping_status":"closed","template":"","meta":[],"_links":{"self":[{"href":"https:\/\/sokolbreznice.cz\/index.php?rest_route=\/wp\/v2\/pages\/450"}],"collection":[{"href":"https:\/\/sokolbreznice.cz\/index.php?rest_route=\/wp\/v2\/pages"}],"about":[{"href":"https:\/\/sokolbreznice.cz\/index.php?rest_route=\/wp\/v2\/types\/page"}],"author":[{"embeddable":true,"href":"https:\/\/sokolbreznice.cz\/index.php?rest_route=\/wp\/v2\/users\/1"}],"replies":[{"embeddable":true,"href":"https:\/\/sokolbreznice.cz\/index.php?rest_route=%2Fwp%2Fv2%2Fcomments&post=450"}],"version-history":[{"count":6,"href":"https:\/\/sokolbreznice.cz\/index.php?rest_route=\/wp\/v2\/pages\/450\/revisions"}],"predecessor-version":[{"id":2007,"href":"https:\/\/sokolbreznice.cz\/index.php?rest_route=\/wp\/v2\/pages\/450\/revisions\/2007"}],"wp:attachment":[{"href":"https:\/\/sokolbreznice.cz\/index.php?rest_route=%2Fwp%2Fv2%2Fmedia&parent=450"}],"curies":[{"name":"wp","href":"https:\/\/api.w.org\/{rel}","templated":true}]}}