{"id":453,"date":"2017-06-08T11:28:44","date_gmt":"2017-06-08T09:28:44","guid":{"rendered":"http:\/\/sokolbreznice.cz\/?page_id=453"},"modified":"2017-06-13T16:30:43","modified_gmt":"2017-06-13T14:30:43","slug":"vyuziti","status":"publish","type":"page","link":"https:\/\/sokolbreznice.cz\/?page_id=453","title":{"rendered":"Vyu\u017eit\u00ed"},"content":{"rendered":"<h3>Vyu\u017eit\u00ed s\u00e1lu sokolovny<\/h3>\n<p>Pond\u011bl\u00ed<\/p>\n<p>\u00dater\u00fd :&nbsp; &nbsp; 17.30 &#8211; 19.00 &nbsp; <strong>Pilates, Tabata<\/strong><\/p>\n<p>&nbsp; &nbsp; &nbsp; &nbsp; &nbsp; &nbsp; &nbsp; &nbsp; &nbsp; 19.00 &#8211; 22.00 <strong>&nbsp;Odd\u00edl stoln\u00edho tenisu<\/strong><\/p>\n<p>St\u0159eda :&nbsp; 16.30 &#8211; 18.30 <strong>Taekwondo d\u011bti<\/strong><\/p>\n<p>&nbsp; &nbsp; &nbsp; &nbsp; &nbsp; &nbsp; &nbsp; &nbsp; &nbsp; 19.00- 22.00 <strong>\u0160ipky<\/strong><\/p>\n<p>\u010ctvrtek : 17.30 &#8211; 19.00 &nbsp;<strong>Pilates<\/strong><\/p>\n<p>P\u00e1tek :&nbsp;&nbsp;&nbsp; 16.30 &#8211; 18.30 <strong>&nbsp;Taekwondo d\u011bti<\/strong><\/p>\n<p>Sobota :&nbsp; 19.00 &#8211; 22.00 <strong>&nbsp;odd\u00edl stoln\u00edho tenisu<\/strong><\/p>\n<p>V letn\u00edch m\u011bs\u00edc\u00edch, v r\u00e1mci <strong>\u010dinnosti<\/strong> odd\u00edlu <strong>v\u0161estrannosti<\/strong>, prob\u00edhaj\u00ed nepravideln\u00e9<strong> tr\u00e9ninky<\/strong> na <strong>h\u0159i\u0161ti<\/strong> p\u0159ed sokolovnou, nap\u0159. <strong>nohejbal<\/strong> a dal\u0161\u00ed venkovn\u00ed sporty&#8230;<\/p>\n<h3>Upozorn\u011bn\u00ed pro n\u00e1v\u0161t\u011bvn\u00edky are\u00e1lu<\/h3>\n<p>Upozor\u0148ujeme, \u017ee &nbsp;je tento are\u00e1l&nbsp;<strong>soukrom\u00fdm majetkem T.J. Sokol B\u0159eznice.<\/strong><\/p>\n<p>T\u00edm p\u00e1dem odpov\u011bdn\u00ed <strong>\u010dlenov\u00e9<\/strong> v\u00fdboru <strong>rozhoduj\u00ed<\/strong> o pohybu osob nejen v budov\u011b sokolovny, ale tak\u00e9 v p\u0159ilehl\u00fdch venkovn\u00edch prostorech.<\/p>\n<p>V p\u0159\u00edpad\u011b <strong>nevhodn\u00e9ho chov\u00e1n\u00ed<\/strong> budou takov\u00e9 osoby z are\u00e1lu<strong> vyk\u00e1z\u00e1ny<\/strong>.<\/p>\n<p><strong>Za pohyb d\u011bt\u00ed v cel\u00e9m are\u00e1lu TJ Sokol B\u0159eznice zodpov\u00eddaj\u00ed rodi\u010de!!!&nbsp;<\/strong><\/p>\n","protected":false},"excerpt":{"rendered":"<p>Vyu\u017eit\u00ed s\u00e1lu sokolovny Pond\u011bl\u00ed \u00dater\u00fd :&nbsp; &nbsp; 17.30 &#8211; 19.00 &nbsp; Pilates, Tabata &nbsp; &nbsp; &nbsp; &nbsp; &nbsp; &nbsp; &nbsp; &nbsp; &nbsp; 19.00 &#8211; 22.00 &nbsp;Odd\u00edl stoln\u00edho tenisu St\u0159eda :&nbsp; 16.30 &#8211; 18.30 Taekwondo d\u011bti &nbsp; &nbsp; &nbsp; &nbsp; &nbsp;<\/p>\n","protected":false},"author":1,"featured_media":0,"parent":0,"menu_order":0,"comment_status":"closed","ping_status":"closed","template":"","meta":[],"_links":{"self":[{"href":"https:\/\/sokolbreznice.cz\/index.php?rest_route=\/wp\/v2\/pages\/453"}],"collection":[{"href":"https:\/\/sokolbreznice.cz\/index.php?rest_route=\/wp\/v2\/pages"}],"about":[{"href":"https:\/\/sokolbreznice.cz\/index.php?rest_route=\/wp\/v2\/types\/page"}],"author":[{"embeddable":true,"href":"https:\/\/sokolbreznice.cz\/index.php?rest_route=\/wp\/v2\/users\/1"}],"replies":[{"embeddable":true,"href":"https:\/\/sokolbreznice.cz\/index.php?rest_route=%2Fwp%2Fv2%2Fcomments&post=453"}],"version-history":[{"count":3,"href":"https:\/\/sokolbreznice.cz\/index.php?rest_route=\/wp\/v2\/pages\/453\/revisions"}],"predecessor-version":[{"id":508,"href":"https:\/\/sokolbreznice.cz\/index.php?rest_route=\/wp\/v2\/pages\/453\/revisions\/508"}],"wp:attachment":[{"href":"https:\/\/sokolbreznice.cz\/index.php?rest_route=%2Fwp%2Fv2%2Fmedia&parent=453"}],"curies":[{"name":"wp","href":"https:\/\/api.w.org\/{rel}","templated":true}]}}