{"id":77,"date":"2008-09-17T16:53:25","date_gmt":"2008-09-17T21:53:25","guid":{"rendered":"http:\/\/dev.wpcoder.com\/dan\/wordpress\/?page_id=2"},"modified":"2023-12-01T11:44:41","modified_gmt":"2023-12-01T10:44:41","slug":"about","status":"publish","type":"page","link":"https:\/\/sokolbreznice.cz\/?page_id=77","title":{"rendered":"O n\u00e1s"},"content":{"rendered":"<p>T\u011blocvi\u010dn\u00e1 jednota Sokol B\u0159eznice je neziskov\u00e1 organizace, kter\u00e1 zaji\u0161\u0165uje\u00a0<span class=\"-wm-text-bold\">sportovn\u00ed a kulturn\u00ed vy\u017eit<\/span>\u00a0v\u0161em v\u011bkov\u00fdm kategori\u00edm.<\/p>\n<p>Na\u0161\u00ed n\u00e1pln\u00ed je v\u0161estrannost, tud\u00ed\u017e zast\u0159e\u0161ujeme n\u011bkolik sportovn\u00edch odd\u00edl\u016f (nap\u0159\u00edklad<b>\u00a0taekwondo, stoln\u00ed tenis, florbal,<\/b>\u00a0<b>pilates\u00a0<\/b>atd.).<\/p>\n<p>Mimo organizaci sportovn\u00edch aktivit po\u0159\u00e1d\u00e1me i kulturn\u00ed aktivity &#8211; ma\u0161karn\u00ed ples, P\u00e1len\u00ed \u010darod\u011bjnic, hudebn\u00ed koncerty, pou\u0165ov\u00fd st\u00e1nek s ob\u010derstven\u00edm, divadeln\u00ed p\u0159edstaven\u00ed k mikul\u00e1\u0161sk\u00e9 nad\u00edlce, Zp\u00edv\u00e1n\u00ed u jolky.<\/p>\n<p>Poskytujeme z\u00e1zem\u00ed pro pravideln\u00e9 akce nap\u0159. Svatov\u00e1clavsk\u00fd koncert, letn\u00ed kino, tradi\u010dn\u00ed B\u0159eznick\u00e1 pou\u0165, divadeln\u00ed p\u0159edstaven\u00ed m\u00edstn\u00edch divadeln\u00edch spolk\u016f.<\/p>\n<p><strong>T\u00fdm TJ Sokol B\u0159eznice\u00a0<\/strong><\/p>\n","protected":false},"excerpt":{"rendered":"<p>T\u011blocvi\u010dn\u00e1 jednota Sokol B\u0159eznice je neziskov\u00e1 organizace, kter\u00e1 zaji\u0161\u0165uje\u00a0sportovn\u00ed a kulturn\u00ed vy\u017eit\u00a0v\u0161em v\u011bkov\u00fdm kategori\u00edm. Na\u0161\u00ed n\u00e1pln\u00ed je v\u0161estrannost, tud\u00ed\u017e zast\u0159e\u0161ujeme n\u011bkolik sportovn\u00edch odd\u00edl\u016f (nap\u0159\u00edklad\u00a0taekwondo, stoln\u00ed tenis, florbal,\u00a0pilates\u00a0atd.). Mimo organizaci sportovn\u00edch aktivit po\u0159\u00e1d\u00e1me i kulturn\u00ed aktivity &#8211; ma\u0161karn\u00ed ples, P\u00e1len\u00ed \u010darod\u011bjnic,<\/p>\n","protected":false},"author":1,"featured_media":0,"parent":0,"menu_order":0,"comment_status":"open","ping_status":"open","template":"","meta":[],"_links":{"self":[{"href":"https:\/\/sokolbreznice.cz\/index.php?rest_route=\/wp\/v2\/pages\/77"}],"collection":[{"href":"https:\/\/sokolbreznice.cz\/index.php?rest_route=\/wp\/v2\/pages"}],"about":[{"href":"https:\/\/sokolbreznice.cz\/index.php?rest_route=\/wp\/v2\/types\/page"}],"author":[{"embeddable":true,"href":"https:\/\/sokolbreznice.cz\/index.php?rest_route=\/wp\/v2\/users\/1"}],"replies":[{"embeddable":true,"href":"https:\/\/sokolbreznice.cz\/index.php?rest_route=%2Fwp%2Fv2%2Fcomments&post=77"}],"version-history":[{"count":3,"href":"https:\/\/sokolbreznice.cz\/index.php?rest_route=\/wp\/v2\/pages\/77\/revisions"}],"predecessor-version":[{"id":1989,"href":"https:\/\/sokolbreznice.cz\/index.php?rest_route=\/wp\/v2\/pages\/77\/revisions\/1989"}],"wp:attachment":[{"href":"https:\/\/sokolbreznice.cz\/index.php?rest_route=%2Fwp%2Fv2%2Fmedia&parent=77"}],"curies":[{"name":"wp","href":"https:\/\/api.w.org\/{rel}","templated":true}]}}